{"id":2677,"date":"2026-05-04T02:29:53","date_gmt":"2026-05-04T02:29:53","guid":{"rendered":"https:\/\/gz-rack.com\/?post_type=product&#038;p=2677"},"modified":"2026-05-05T07:41:17","modified_gmt":"2026-05-05T07:41:17","slug":"automated-warehouse-racking-system","status":"publish","type":"product","link":"https:\/\/gz-rack.com\/fr\/produit\/automated-warehouse-racking-system\/","title":{"rendered":"Syst\u00e8me de rayonnage automatis\u00e9 pour entrep\u00f4ts"},"content":{"rendered":"<p><strong>1.Product description<\/strong><\/p>\n<p>Automated Storage and Retrieval System (AS\/RS) can automatically complete goods warehousing and retrieval without manual operation. It is a new type of warehousing facility developed to meet the needs of modern economic development. High-rise vertical racks serve as the core supporting structure for vertical storage in the entire AS\/RS, and their performance directly affects the operation of the whole warehouse\u00a0equipment.<\/p>\n<p><img fetchpriority=\"high\" decoding=\"async\" class=\"alignleft wp-image-2680\" src=\"https:\/\/gz-rack.com\/wp-content\/uploads\/2026\/05\/\u56fe\u724760.png\" alt=\"\" width=\"291\" height=\"339\" srcset=\"https:\/\/gz-rack.com\/wp-content\/uploads\/2026\/05\/\u56fe\u724760.png 652w, https:\/\/gz-rack.com\/wp-content\/uploads\/2026\/05\/\u56fe\u724760-258x300.png 258w, https:\/\/gz-rack.com\/wp-content\/uploads\/2026\/05\/\u56fe\u724760-10x12.png 10w, https:\/\/gz-rack.com\/wp-content\/uploads\/2026\/05\/\u56fe\u724760-600x698.png 600w\" sizes=\"(max-width: 291px) 100vw, 291px\" \/><\/p>\n<p><img decoding=\"async\" class=\"alignleft wp-image-2681\" src=\"https:\/\/gz-rack.com\/wp-content\/uploads\/2026\/05\/\u72471.png\" alt=\"\" width=\"507\" height=\"334\" srcset=\"https:\/\/gz-rack.com\/wp-content\/uploads\/2026\/05\/\u72471.png 601w, https:\/\/gz-rack.com\/wp-content\/uploads\/2026\/05\/\u72471-300x198.png 300w, https:\/\/gz-rack.com\/wp-content\/uploads\/2026\/05\/\u72471-18x12.png 18w\" sizes=\"(max-width: 507px) 100vw, 507px\" \/><\/p>\n<p>&nbsp;<\/p>\n<p>&nbsp;<\/p>\n<p>&nbsp;<\/p>\n<p>&nbsp;<\/p>\n<p>&nbsp;<\/p>\n<p>&nbsp;<\/p>\n<p>&nbsp;<\/p>\n<p>&nbsp;<\/p>\n<p>&nbsp;<\/p>\n<p><strong>2.Features<\/strong><\/p>\n<ul>\n<li>Maximize the utilization of existing building storage space and avoid off-site storage and warehouse expansion.<\/li>\n<li>Reduce building footprint by up to 50% compared with traditional warehouses.<\/li>\n<li>Cut energy costs by 40% in low-temperature environments.<\/li>\n<li>Lower labor costs and product damage losses.<\/li>\n<li>Improve inventory accuracy and customer service quality.<\/li>\n<li>Reduce forklift transportation frequency and overall costs.<\/li>\n<li>Fully customized to meet individual demands.<\/li>\n<li>Adaptable to existing facility spaces.<\/li>\n<li>Optimize warehouse storage capacity to the maximum.<\/li>\n<li>Reliable wireless operation with low maintenance requirements.<\/li>\n<li>Expand cold storage capacity and cut manpower input.<\/li>\n<li>Deliver higher stability than other deep storage solutions.<\/li>\n<\/ul>\n<p><strong>3.Main Structure<\/strong><\/p>\n<p>(1)<\/p>\n<p><img decoding=\"async\" class=\"alignleft wp-image-2682\" src=\"https:\/\/gz-rack.com\/wp-content\/uploads\/2026\/05\/\u56fe\u724761.png\" alt=\"\" width=\"359\" height=\"272\" srcset=\"https:\/\/gz-rack.com\/wp-content\/uploads\/2026\/05\/\u56fe\u724761.png 564w, https:\/\/gz-rack.com\/wp-content\/uploads\/2026\/05\/\u56fe\u724761-300x227.png 300w, https:\/\/gz-rack.com\/wp-content\/uploads\/2026\/05\/\u56fe\u724761-16x12.png 16w\" sizes=\"(max-width: 359px) 100vw, 359px\" \/><\/p>\n<ol>\n<li>Racking Parts<\/li>\n<li>Automatic Trilateral Stacker Cranes<\/li>\n<li>Crane Walking Ground Rail<\/li>\n<\/ol>\n<p>&nbsp;<\/p>\n<p>&nbsp;<\/p>\n<p>&nbsp;<\/p>\n<p>&nbsp;<\/p>\n<p>&nbsp;<\/p>\n<p>(2)<br \/>\n<img loading=\"lazy\" decoding=\"async\" class=\"alignleft wp-image-2683\" src=\"https:\/\/gz-rack.com\/wp-content\/uploads\/2026\/05\/\u56fe\u724762.png\" alt=\"\" width=\"628\" height=\"413\" srcset=\"https:\/\/gz-rack.com\/wp-content\/uploads\/2026\/05\/\u56fe\u724762.png 1416w, https:\/\/gz-rack.com\/wp-content\/uploads\/2026\/05\/\u56fe\u724762-300x197.png 300w, https:\/\/gz-rack.com\/wp-content\/uploads\/2026\/05\/\u56fe\u724762-1024x673.png 1024w, https:\/\/gz-rack.com\/wp-content\/uploads\/2026\/05\/\u56fe\u724762-768x504.png 768w, https:\/\/gz-rack.com\/wp-content\/uploads\/2026\/05\/\u56fe\u724762-18x12.png 18w, https:\/\/gz-rack.com\/wp-content\/uploads\/2026\/05\/\u56fe\u724762-600x394.png 600w\" sizes=\"(max-width: 628px) 100vw, 628px\" \/><\/p>\n<p>&nbsp;<\/p>\n<p>&nbsp;<\/p>\n<p>&nbsp;<\/p>\n<p>&nbsp;<\/p>\n<p>&nbsp;<\/p>\n<p>&nbsp;<\/p>\n<p>&nbsp;<\/p>\n<p>&nbsp;<\/p>\n<p>&nbsp;<\/p>\n<p>&nbsp;<\/p>\n<p>&nbsp;<\/p>\n<p><strong>4.Details<\/strong><\/p>\n<p><span style=\"color: #ff6600;\">\u00a0<strong><b>High level racking\u00a0<\/b><\/strong><\/span><\/p>\n<p>The high level racking&#8217;s common size is 5-10m. The load-store unit is plastic container or pallet, loading 50-100kg, it is better to store the light items.<\/p>\n<p><img loading=\"lazy\" decoding=\"async\" class=\"alignleft wp-image-2684\" src=\"https:\/\/gz-rack.com\/wp-content\/uploads\/2026\/05\/\u56fe\u724763.png\" alt=\"\" width=\"302\" height=\"224\" srcset=\"https:\/\/gz-rack.com\/wp-content\/uploads\/2026\/05\/\u56fe\u724763.png 472w, https:\/\/gz-rack.com\/wp-content\/uploads\/2026\/05\/\u56fe\u724763-300x222.png 300w, https:\/\/gz-rack.com\/wp-content\/uploads\/2026\/05\/\u56fe\u724763-16x12.png 16w\" sizes=\"(max-width: 302px) 100vw, 302px\" \/><\/p>\n<p><img loading=\"lazy\" decoding=\"async\" class=\"alignleft wp-image-2685\" src=\"https:\/\/gz-rack.com\/wp-content\/uploads\/2026\/05\/\u56fe\u724764.png\" alt=\"\" width=\"296\" height=\"222\" srcset=\"https:\/\/gz-rack.com\/wp-content\/uploads\/2026\/05\/\u56fe\u724764.png 384w, https:\/\/gz-rack.com\/wp-content\/uploads\/2026\/05\/\u56fe\u724764-300x225.png 300w, https:\/\/gz-rack.com\/wp-content\/uploads\/2026\/05\/\u56fe\u724764-16x12.png 16w\" sizes=\"(max-width: 296px) 100vw, 296px\" \/><\/p>\n<p>&nbsp;<\/p>\n<p>&nbsp;<\/p>\n<p>&nbsp;<\/p>\n<p>&nbsp;<\/p>\n<p>&nbsp;<\/p>\n<p>&nbsp;<\/p>\n<p><span style=\"color: #ff6600;\"><strong><b>The aisle stacking crane<\/b><\/strong><\/span><\/p>\n<p>The aisle stacking crane is using in the aisle of high level racking.<\/p>\n<p><img loading=\"lazy\" decoding=\"async\" class=\"alignleft wp-image-2686\" src=\"https:\/\/gz-rack.com\/wp-content\/uploads\/2026\/05\/\u56fe\u724765.png\" alt=\"\" width=\"312\" height=\"234\" srcset=\"https:\/\/gz-rack.com\/wp-content\/uploads\/2026\/05\/\u56fe\u724765.png 640w, https:\/\/gz-rack.com\/wp-content\/uploads\/2026\/05\/\u56fe\u724765-300x225.png 300w, https:\/\/gz-rack.com\/wp-content\/uploads\/2026\/05\/\u56fe\u724765-16x12.png 16w, https:\/\/gz-rack.com\/wp-content\/uploads\/2026\/05\/\u56fe\u724765-600x450.png 600w\" sizes=\"(max-width: 312px) 100vw, 312px\" \/><\/p>\n<p><img loading=\"lazy\" decoding=\"async\" class=\"alignleft wp-image-2687\" src=\"https:\/\/gz-rack.com\/wp-content\/uploads\/2026\/05\/\u56fe\u724766.png\" alt=\"\" width=\"114\" height=\"233\" srcset=\"https:\/\/gz-rack.com\/wp-content\/uploads\/2026\/05\/\u56fe\u724766.png 185w, https:\/\/gz-rack.com\/wp-content\/uploads\/2026\/05\/\u56fe\u724766-146x300.png 146w, https:\/\/gz-rack.com\/wp-content\/uploads\/2026\/05\/\u56fe\u724766-6x12.png 6w\" sizes=\"(max-width: 114px) 100vw, 114px\" \/><\/p>\n<p>&nbsp;<\/p>\n<p>&nbsp;<\/p>\n<p>&nbsp;<\/p>\n<p>&nbsp;<\/p>\n<p>&nbsp;<\/p>\n<p>&nbsp;<\/p>\n<p>&nbsp;<\/p>\n<p><strong><b><span style=\"color: #ff6600;\">In &amp; out put conveyor system<\/span><\/b><\/strong><\/p>\n<p>For the aisle stacking crane can be used in the aisle of high level racking, the goods in and out need to be carried by the conveyor.<\/p>\n<p>When the goods entry the warehouse, first the conveyor will carry it to the platform, then the stacking crane will take over the goods, store it to the appointed place. Taking the goods out of warehouse is just on the contrary. This equipment is essential for the high level racking; the capacity and automation should cooperate with the warehouse.<\/p>\n<p><img loading=\"lazy\" decoding=\"async\" class=\"alignleft wp-image-2688\" src=\"https:\/\/gz-rack.com\/wp-content\/uploads\/2026\/05\/\u56fe\u724767.png\" alt=\"\" width=\"318\" height=\"462\" srcset=\"https:\/\/gz-rack.com\/wp-content\/uploads\/2026\/05\/\u56fe\u724767.png 536w, https:\/\/gz-rack.com\/wp-content\/uploads\/2026\/05\/\u56fe\u724767-206x300.png 206w, https:\/\/gz-rack.com\/wp-content\/uploads\/2026\/05\/\u56fe\u724767-8x12.png 8w\" sizes=\"(max-width: 318px) 100vw, 318px\" \/><\/p>\n<p>&nbsp;<\/p>\n<p>&nbsp;<\/p>\n<p>&nbsp;<\/p>\n<p>&nbsp;<\/p>\n<p>&nbsp;<\/p>\n<p>&nbsp;<\/p>\n<p>&nbsp;<\/p>\n<p>&nbsp;<\/p>\n<p>&nbsp;<\/p>\n<p>&nbsp;<\/p>\n<p>&nbsp;<\/p>\n<p>&nbsp;<\/p>\n<p><strong>5.Application<\/strong><\/p>\n<p>Automated Storage and Retrieval System\u00a0is used in a variety of industries, including:<\/p>\n<p>\u25c6 Automotive \u25c6 Beverage \u25c6 E-commerce \u25c6 Food \u25c6 Life Sciences \u25c6 Manufacturing\u25c6 Medical devices and equipment\u00a0\u25c6 Paper \u25c6 Warehousing and distribution<\/p>\n<p><img loading=\"lazy\" decoding=\"async\" class=\"alignleft wp-image-2689\" src=\"https:\/\/gz-rack.com\/wp-content\/uploads\/2026\/05\/\u56fe\u724768.png\" alt=\"\" width=\"532\" height=\"317\" srcset=\"https:\/\/gz-rack.com\/wp-content\/uploads\/2026\/05\/\u56fe\u724768.png 773w, https:\/\/gz-rack.com\/wp-content\/uploads\/2026\/05\/\u56fe\u724768-300x179.png 300w, https:\/\/gz-rack.com\/wp-content\/uploads\/2026\/05\/\u56fe\u724768-768x458.png 768w, https:\/\/gz-rack.com\/wp-content\/uploads\/2026\/05\/\u56fe\u724768-18x12.png 18w, https:\/\/gz-rack.com\/wp-content\/uploads\/2026\/05\/\u56fe\u724768-600x358.png 600w\" sizes=\"(max-width: 532px) 100vw, 532px\" \/><\/p>\n<p><img loading=\"lazy\" decoding=\"async\" class=\"alignleft wp-image-2690\" src=\"https:\/\/gz-rack.com\/wp-content\/uploads\/2026\/05\/\u56fe\u724769.png\" alt=\"\" width=\"468\" height=\"312\" srcset=\"https:\/\/gz-rack.com\/wp-content\/uploads\/2026\/05\/\u56fe\u724769.png 652w, https:\/\/gz-rack.com\/wp-content\/uploads\/2026\/05\/\u56fe\u724769-300x200.png 300w, https:\/\/gz-rack.com\/wp-content\/uploads\/2026\/05\/\u56fe\u724769-18x12.png 18w, https:\/\/gz-rack.com\/wp-content\/uploads\/2026\/05\/\u56fe\u724769-600x400.png 600w\" sizes=\"(max-width: 468px) 100vw, 468px\" \/><\/p>","protected":false},"excerpt":{"rendered":"<p>(AS\/RS) is totally operated without human labor for automatic stocking and claiming of goods. It is the newly raised type of warehousing facility for the adaptation of economy developing demand in nowadays\u2019 modern generation.<\/p>","protected":false},"featured_media":2678,"comment_status":"open","ping_status":"closed","template":"","meta":{"_acf_changed":false},"product_brand":[],"product_cat":[24],"product_tag":[],"class_list":{"0":"post-2677","1":"product","2":"type-product","3":"status-publish","4":"has-post-thumbnail","6":"product_cat-uncategorized","8":"first","9":"instock","10":"shipping-taxable","11":"product-type-simple"},"acf":[],"yoast_head":"<!-- This site is optimized with the Yoast SEO plugin v27.4 - https:\/\/yoast.com\/product\/yoast-seo-wordpress\/ -->\n<title>Automated Warehouse Racking System - gz-rack.com<\/title>\n<meta name=\"robots\" content=\"index, follow, max-snippet:-1, max-image-preview:large, max-video-preview:-1\" \/>\n<link rel=\"canonical\" href=\"https:\/\/gz-rack.com\/fr\/produit\/automated-warehouse-racking-system\/\" \/>\n<meta property=\"og:locale\" content=\"fr_FR\" \/>\n<meta property=\"og:type\" content=\"article\" \/>\n<meta property=\"og:title\" content=\"Automated Warehouse Racking System - gz-rack.com\" \/>\n<meta property=\"og:description\" content=\"(AS\/RS) is totally operated without human labor for automatic stocking and claiming of goods. It is the newly raised type of warehousing facility for the adaptation of economy developing demand in nowadays\u2019 modern generation.\" \/>\n<meta property=\"og:url\" content=\"https:\/\/gz-rack.com\/fr\/produit\/automated-warehouse-racking-system\/\" \/>\n<meta property=\"og:site_name\" content=\"gz-rack.com\" \/>\n<meta property=\"article:modified_time\" content=\"2026-05-05T07:41:17+00:00\" \/>\n<meta property=\"og:image\" content=\"https:\/\/gz-rack.com\/wp-content\/uploads\/2026\/05\/\u7acb\u4f53\u5e93.jpg\" \/>\n\t<meta property=\"og:image:width\" content=\"1866\" \/>\n\t<meta property=\"og:image:height\" content=\"1279\" \/>\n\t<meta property=\"og:image:type\" content=\"image\/jpeg\" \/>\n<meta name=\"twitter:card\" content=\"summary_large_image\" \/>\n<meta name=\"twitter:label1\" content=\"Dur\u00e9e de lecture estim\u00e9e\" \/>\n\t<meta name=\"twitter:data1\" content=\"4 minutes\" \/>\n<script type=\"application\/ld+json\" class=\"yoast-schema-graph\">{\"@context\":\"https:\\\/\\\/schema.org\",\"@graph\":[{\"@type\":\"WebPage\",\"@id\":\"https:\\\/\\\/gz-rack.com\\\/product\\\/automated-warehouse-racking-system\\\/\",\"url\":\"https:\\\/\\\/gz-rack.com\\\/product\\\/automated-warehouse-racking-system\\\/\",\"name\":\"Automated Warehouse Racking System - gz-rack.com\",\"isPartOf\":{\"@id\":\"https:\\\/\\\/gz-rack.com\\\/#website\"},\"primaryImageOfPage\":{\"@id\":\"https:\\\/\\\/gz-rack.com\\\/product\\\/automated-warehouse-racking-system\\\/#primaryimage\"},\"image\":{\"@id\":\"https:\\\/\\\/gz-rack.com\\\/product\\\/automated-warehouse-racking-system\\\/#primaryimage\"},\"thumbnailUrl\":\"https:\\\/\\\/gz-rack.com\\\/wp-content\\\/uploads\\\/2026\\\/05\\\/\u7acb\u4f53\u5e93.jpg\",\"datePublished\":\"2026-05-04T02:29:53+00:00\",\"dateModified\":\"2026-05-05T07:41:17+00:00\",\"breadcrumb\":{\"@id\":\"https:\\\/\\\/gz-rack.com\\\/product\\\/automated-warehouse-racking-system\\\/#breadcrumb\"},\"inLanguage\":\"fr-FR\",\"potentialAction\":[{\"@type\":\"ReadAction\",\"target\":[\"https:\\\/\\\/gz-rack.com\\\/product\\\/automated-warehouse-racking-system\\\/\"]}]},{\"@type\":\"ImageObject\",\"inLanguage\":\"fr-FR\",\"@id\":\"https:\\\/\\\/gz-rack.com\\\/product\\\/automated-warehouse-racking-system\\\/#primaryimage\",\"url\":\"https:\\\/\\\/gz-rack.com\\\/wp-content\\\/uploads\\\/2026\\\/05\\\/\u7acb\u4f53\u5e93.jpg\",\"contentUrl\":\"https:\\\/\\\/gz-rack.com\\\/wp-content\\\/uploads\\\/2026\\\/05\\\/\u7acb\u4f53\u5e93.jpg\",\"width\":1866,\"height\":1279},{\"@type\":\"BreadcrumbList\",\"@id\":\"https:\\\/\\\/gz-rack.com\\\/product\\\/automated-warehouse-racking-system\\\/#breadcrumb\",\"itemListElement\":[{\"@type\":\"ListItem\",\"position\":1,\"name\":\"\u9996\u9875\",\"item\":\"https:\\\/\\\/gz-rack.com\\\/\"},{\"@type\":\"ListItem\",\"position\":2,\"name\":\"Products\",\"item\":\"https:\\\/\\\/gz-rack.com\\\/shop\\\/\"},{\"@type\":\"ListItem\",\"position\":3,\"name\":\"Automated Warehouse Racking System\"}]},{\"@type\":\"WebSite\",\"@id\":\"https:\\\/\\\/gz-rack.com\\\/#website\",\"url\":\"https:\\\/\\\/gz-rack.com\\\/\",\"name\":\"gz-rack.com\",\"description\":\"\",\"publisher\":{\"@id\":\"https:\\\/\\\/gz-rack.com\\\/#organization\"},\"potentialAction\":[{\"@type\":\"SearchAction\",\"target\":{\"@type\":\"EntryPoint\",\"urlTemplate\":\"https:\\\/\\\/gz-rack.com\\\/?s={search_term_string}\"},\"query-input\":{\"@type\":\"PropertyValueSpecification\",\"valueRequired\":true,\"valueName\":\"search_term_string\"}}],\"inLanguage\":\"fr-FR\"},{\"@type\":\"Organization\",\"@id\":\"https:\\\/\\\/gz-rack.com\\\/#organization\",\"name\":\"gz-rack.com\",\"url\":\"https:\\\/\\\/gz-rack.com\\\/\",\"logo\":{\"@type\":\"ImageObject\",\"inLanguage\":\"fr-FR\",\"@id\":\"https:\\\/\\\/gz-rack.com\\\/#\\\/schema\\\/logo\\\/image\\\/\",\"url\":\"https:\\\/\\\/gz-rack.com\\\/wp-content\\\/uploads\\\/2025\\\/10\\\/\u5fae\u4fe1\u56fe\u7247_20251130134856_1092_2025-removebg-preview-e1764694715885.png\",\"contentUrl\":\"https:\\\/\\\/gz-rack.com\\\/wp-content\\\/uploads\\\/2025\\\/10\\\/\u5fae\u4fe1\u56fe\u7247_20251130134856_1092_2025-removebg-preview-e1764694715885.png\",\"width\":439,\"height\":162,\"caption\":\"gz-rack.com\"},\"image\":{\"@id\":\"https:\\\/\\\/gz-rack.com\\\/#\\\/schema\\\/logo\\\/image\\\/\"}}]}<\/script>\n<!-- \/ Yoast SEO plugin. -->","yoast_head_json":{"title":"Automated Warehouse Racking System - gz-rack.com","robots":{"index":"index","follow":"follow","max-snippet":"max-snippet:-1","max-image-preview":"max-image-preview:large","max-video-preview":"max-video-preview:-1"},"canonical":"https:\/\/gz-rack.com\/fr\/produit\/automated-warehouse-racking-system\/","og_locale":"fr_FR","og_type":"article","og_title":"Automated Warehouse Racking System - gz-rack.com","og_description":"(AS\/RS) is totally operated without human labor for automatic stocking and claiming of goods. It is the newly raised type of warehousing facility for the adaptation of economy developing demand in nowadays\u2019 modern generation.","og_url":"https:\/\/gz-rack.com\/fr\/produit\/automated-warehouse-racking-system\/","og_site_name":"gz-rack.com","article_modified_time":"2026-05-05T07:41:17+00:00","og_image":[{"width":1866,"height":1279,"url":"https:\/\/gz-rack.com\/wp-content\/uploads\/2026\/05\/\u7acb\u4f53\u5e93.jpg","type":"image\/jpeg"}],"twitter_card":"summary_large_image","twitter_misc":{"Dur\u00e9e de lecture estim\u00e9e":"4 minutes"},"schema":{"@context":"https:\/\/schema.org","@graph":[{"@type":"WebPage","@id":"https:\/\/gz-rack.com\/product\/automated-warehouse-racking-system\/","url":"https:\/\/gz-rack.com\/product\/automated-warehouse-racking-system\/","name":"Automated Warehouse Racking System - gz-rack.com","isPartOf":{"@id":"https:\/\/gz-rack.com\/#website"},"primaryImageOfPage":{"@id":"https:\/\/gz-rack.com\/product\/automated-warehouse-racking-system\/#primaryimage"},"image":{"@id":"https:\/\/gz-rack.com\/product\/automated-warehouse-racking-system\/#primaryimage"},"thumbnailUrl":"https:\/\/gz-rack.com\/wp-content\/uploads\/2026\/05\/\u7acb\u4f53\u5e93.jpg","datePublished":"2026-05-04T02:29:53+00:00","dateModified":"2026-05-05T07:41:17+00:00","breadcrumb":{"@id":"https:\/\/gz-rack.com\/product\/automated-warehouse-racking-system\/#breadcrumb"},"inLanguage":"fr-FR","potentialAction":[{"@type":"ReadAction","target":["https:\/\/gz-rack.com\/product\/automated-warehouse-racking-system\/"]}]},{"@type":"ImageObject","inLanguage":"fr-FR","@id":"https:\/\/gz-rack.com\/product\/automated-warehouse-racking-system\/#primaryimage","url":"https:\/\/gz-rack.com\/wp-content\/uploads\/2026\/05\/\u7acb\u4f53\u5e93.jpg","contentUrl":"https:\/\/gz-rack.com\/wp-content\/uploads\/2026\/05\/\u7acb\u4f53\u5e93.jpg","width":1866,"height":1279},{"@type":"BreadcrumbList","@id":"https:\/\/gz-rack.com\/product\/automated-warehouse-racking-system\/#breadcrumb","itemListElement":[{"@type":"ListItem","position":1,"name":"\u9996\u9875","item":"https:\/\/gz-rack.com\/"},{"@type":"ListItem","position":2,"name":"Products","item":"https:\/\/gz-rack.com\/shop\/"},{"@type":"ListItem","position":3,"name":"Automated Warehouse Racking System"}]},{"@type":"WebSite","@id":"https:\/\/gz-rack.com\/#website","url":"https:\/\/gz-rack.com\/","name":"gz-rack.com","description":"","publisher":{"@id":"https:\/\/gz-rack.com\/#organization"},"potentialAction":[{"@type":"SearchAction","target":{"@type":"EntryPoint","urlTemplate":"https:\/\/gz-rack.com\/?s={search_term_string}"},"query-input":{"@type":"PropertyValueSpecification","valueRequired":true,"valueName":"search_term_string"}}],"inLanguage":"fr-FR"},{"@type":"Organization","@id":"https:\/\/gz-rack.com\/#organization","name":"gz-rack.com","url":"https:\/\/gz-rack.com\/","logo":{"@type":"ImageObject","inLanguage":"fr-FR","@id":"https:\/\/gz-rack.com\/#\/schema\/logo\/image\/","url":"https:\/\/gz-rack.com\/wp-content\/uploads\/2025\/10\/\u5fae\u4fe1\u56fe\u7247_20251130134856_1092_2025-removebg-preview-e1764694715885.png","contentUrl":"https:\/\/gz-rack.com\/wp-content\/uploads\/2025\/10\/\u5fae\u4fe1\u56fe\u7247_20251130134856_1092_2025-removebg-preview-e1764694715885.png","width":439,"height":162,"caption":"gz-rack.com"},"image":{"@id":"https:\/\/gz-rack.com\/#\/schema\/logo\/image\/"}}]}},"_links":{"self":[{"href":"https:\/\/gz-rack.com\/fr\/wp-json\/wp\/v2\/product\/2677","targetHints":{"allow":["GET"]}}],"collection":[{"href":"https:\/\/gz-rack.com\/fr\/wp-json\/wp\/v2\/product"}],"about":[{"href":"https:\/\/gz-rack.com\/fr\/wp-json\/wp\/v2\/types\/product"}],"replies":[{"embeddable":true,"href":"https:\/\/gz-rack.com\/fr\/wp-json\/wp\/v2\/comments?post=2677"}],"wp:featuredmedia":[{"embeddable":true,"href":"https:\/\/gz-rack.com\/fr\/wp-json\/wp\/v2\/media\/2678"}],"wp:attachment":[{"href":"https:\/\/gz-rack.com\/fr\/wp-json\/wp\/v2\/media?parent=2677"}],"wp:term":[{"taxonomy":"product_brand","embeddable":true,"href":"https:\/\/gz-rack.com\/fr\/wp-json\/wp\/v2\/product_brand?post=2677"},{"taxonomy":"product_cat","embeddable":true,"href":"https:\/\/gz-rack.com\/fr\/wp-json\/wp\/v2\/product_cat?post=2677"},{"taxonomy":"product_tag","embeddable":true,"href":"https:\/\/gz-rack.com\/fr\/wp-json\/wp\/v2\/product_tag?post=2677"}],"curies":[{"name":"wp","href":"https:\/\/api.w.org\/{rel}","templated":true}]}}